{"id":18,"date":"2023-10-13T08:30:58","date_gmt":"2023-10-13T11:30:58","guid":{"rendered":"https:\/\/multilojasassussena.com.br\/laticinios\/?post_type=product&#038;p=18"},"modified":"2023-11-13T20:25:49","modified_gmt":"2023-11-13T23:25:49","slug":"queijo-minas-padrao","status":"publish","type":"product","link":"https:\/\/multilojasassussena.com.br\/laticinios\/produto\/queijo-minas-padrao\/","title":{"rendered":"Queijo Minas Padr\u00e3o"},"content":{"rendered":"<p>Caracter\u00edsticas: Sabor suave, levemente maturado, tornando-se menos \u00famido e macio, com uma casca levemente amarelada e dura.<\/p>\n","protected":false},"excerpt":{"rendered":"<p>Queijo Minas Padr\u00e3o, curado, apresenta casca fina, amarelo palha e massa branca, levemente amarelada e consist\u00eancia macia, sabor levemente \u00e1cido.<\/p>\n","protected":false},"featured_media":175,"comment_status":"open","ping_status":"closed","template":"","meta":[],"product_cat":[15,16],"product_tag":[17],"_links":{"self":[{"href":"https:\/\/multilojasassussena.com.br\/laticinios\/wp-json\/wp\/v2\/product\/18"}],"collection":[{"href":"https:\/\/multilojasassussena.com.br\/laticinios\/wp-json\/wp\/v2\/product"}],"about":[{"href":"https:\/\/multilojasassussena.com.br\/laticinios\/wp-json\/wp\/v2\/types\/product"}],"replies":[{"embeddable":true,"href":"https:\/\/multilojasassussena.com.br\/laticinios\/wp-json\/wp\/v2\/comments?post=18"}],"wp:featuredmedia":[{"embeddable":true,"href":"https:\/\/multilojasassussena.com.br\/laticinios\/wp-json\/wp\/v2\/media\/175"}],"wp:attachment":[{"href":"https:\/\/multilojasassussena.com.br\/laticinios\/wp-json\/wp\/v2\/media?parent=18"}],"wp:term":[{"taxonomy":"product_cat","embeddable":true,"href":"https:\/\/multilojasassussena.com.br\/laticinios\/wp-json\/wp\/v2\/product_cat?post=18"},{"taxonomy":"product_tag","embeddable":true,"href":"https:\/\/multilojasassussena.com.br\/laticinios\/wp-json\/wp\/v2\/product_tag?post=18"}],"curies":[{"name":"wp","href":"https:\/\/api.w.org\/{rel}","templated":true}]}}