{"id":22,"date":"2023-10-13T08:54:25","date_gmt":"2023-10-13T11:54:25","guid":{"rendered":"https:\/\/multilojasassussena.com.br\/laticinios\/?post_type=product&#038;p=22"},"modified":"2023-10-13T17:07:16","modified_gmt":"2023-10-13T20:07:16","slug":"queijo-provolone-defumado","status":"publish","type":"product","link":"https:\/\/multilojasassussena.com.br\/laticinios\/produto\/queijo-provolone-defumado\/","title":{"rendered":"Queijo Provolone defumado"},"content":{"rendered":"<p>Queijo Provolone, semiduro, origin\u00e1rio da It\u00e1lia, compacto, de cor amarelada e aroma agrad\u00e1vel.<\/p>\n","protected":false},"excerpt":{"rendered":"<p>Queijo Provolone, semiduro, origin\u00e1rio da It\u00e1lia, compacto, de cor amarelada e aroma agrad\u00e1vel.<\/p>\n","protected":false},"featured_media":173,"comment_status":"open","ping_status":"closed","template":"","meta":[],"product_cat":[16],"product_tag":[],"_links":{"self":[{"href":"https:\/\/multilojasassussena.com.br\/laticinios\/wp-json\/wp\/v2\/product\/22"}],"collection":[{"href":"https:\/\/multilojasassussena.com.br\/laticinios\/wp-json\/wp\/v2\/product"}],"about":[{"href":"https:\/\/multilojasassussena.com.br\/laticinios\/wp-json\/wp\/v2\/types\/product"}],"replies":[{"embeddable":true,"href":"https:\/\/multilojasassussena.com.br\/laticinios\/wp-json\/wp\/v2\/comments?post=22"}],"wp:featuredmedia":[{"embeddable":true,"href":"https:\/\/multilojasassussena.com.br\/laticinios\/wp-json\/wp\/v2\/media\/173"}],"wp:attachment":[{"href":"https:\/\/multilojasassussena.com.br\/laticinios\/wp-json\/wp\/v2\/media?parent=22"}],"wp:term":[{"taxonomy":"product_cat","embeddable":true,"href":"https:\/\/multilojasassussena.com.br\/laticinios\/wp-json\/wp\/v2\/product_cat?post=22"},{"taxonomy":"product_tag","embeddable":true,"href":"https:\/\/multilojasassussena.com.br\/laticinios\/wp-json\/wp\/v2\/product_tag?post=22"}],"curies":[{"name":"wp","href":"https:\/\/api.w.org\/{rel}","templated":true}]}}