{"id":24,"date":"2023-10-13T09:12:01","date_gmt":"2023-10-13T12:12:01","guid":{"rendered":"https:\/\/multilojasassussena.com.br\/laticinios\/?post_type=product&#038;p=24"},"modified":"2023-11-17T17:56:52","modified_gmt":"2023-11-17T20:56:52","slug":"queijo-reino","status":"publish","type":"product","link":"https:\/\/multilojasassussena.com.br\/laticinios\/produto\/queijo-reino\/","title":{"rendered":"Queijo Reino"},"content":{"rendered":"<p>Queijo Reino, variedade de queijo semiduro e maturado, fabricado e originado no Brasil, nome surgido da rela\u00e7\u00e3o com queijos europeus importados no s\u00e9culo XX.<\/p>\n","protected":false},"excerpt":{"rendered":"<div class=\"woocommerce-tabs wc-tabs-wrapper\">\n<div id=\"tab-description\" class=\"woocommerce-Tabs-panel woocommerce-Tabs-panel--description panel entry-content wc-tab\" role=\"tabpanel\" aria-labelledby=\"tab-title-description\">\n<p>Variedade de queijo semiduro e maturado, fabricado e originado no Brasil, nome surgido da rela\u00e7\u00e3o com queijos europeus importados no s\u00e9culo XX.<\/p>\n<\/div>\n<\/div>\n","protected":false},"featured_media":176,"comment_status":"open","ping_status":"closed","template":"","meta":[],"product_cat":[16],"product_tag":[],"_links":{"self":[{"href":"https:\/\/multilojasassussena.com.br\/laticinios\/wp-json\/wp\/v2\/product\/24"}],"collection":[{"href":"https:\/\/multilojasassussena.com.br\/laticinios\/wp-json\/wp\/v2\/product"}],"about":[{"href":"https:\/\/multilojasassussena.com.br\/laticinios\/wp-json\/wp\/v2\/types\/product"}],"replies":[{"embeddable":true,"href":"https:\/\/multilojasassussena.com.br\/laticinios\/wp-json\/wp\/v2\/comments?post=24"}],"wp:featuredmedia":[{"embeddable":true,"href":"https:\/\/multilojasassussena.com.br\/laticinios\/wp-json\/wp\/v2\/media\/176"}],"wp:attachment":[{"href":"https:\/\/multilojasassussena.com.br\/laticinios\/wp-json\/wp\/v2\/media?parent=24"}],"wp:term":[{"taxonomy":"product_cat","embeddable":true,"href":"https:\/\/multilojasassussena.com.br\/laticinios\/wp-json\/wp\/v2\/product_cat?post=24"},{"taxonomy":"product_tag","embeddable":true,"href":"https:\/\/multilojasassussena.com.br\/laticinios\/wp-json\/wp\/v2\/product_tag?post=24"}],"curies":[{"name":"wp","href":"https:\/\/api.w.org\/{rel}","templated":true}]}}