{"id":26,"date":"2023-10-13T09:15:26","date_gmt":"2023-10-13T12:15:26","guid":{"rendered":"https:\/\/multilojasassussena.com.br\/laticinios\/?post_type=product&#038;p=26"},"modified":"2025-11-27T19:09:37","modified_gmt":"2025-11-27T22:09:37","slug":"iorgute-natural","status":"publish","type":"product","link":"https:\/\/multilojasassussena.com.br\/laticinios\/produto\/iorgute-natural\/","title":{"rendered":"Iorgute Natural"},"content":{"rendered":"<p>ORIGEM: Regi\u00f5es balc\u00e2nicas e da Turquia Asi\u00e1tica. Algumas fontes hist\u00f3ricas relatam que foram os b\u00falgaros, n\u00f4mades da \u00c1sia, que trouxeram o iogurte para a Europa na segunda metade do s\u00e9culo VII.<\/p>\n<p>Caracter\u00edsticas: \u00a0\u00c9 um alimento produzido pela fermenta\u00e7\u00e3o do leite, geralmente de vaca, com o emprego de bact\u00e9rias l\u00e1cticas (fermentos l\u00e1cticos) espec\u00edficos, rico em prote\u00ednas.<\/p>\n","protected":false},"excerpt":{"rendered":"<p>Benef\u00edcios para a sa\u00fade: Fonte de c\u00e1lcio e f\u00f3sforo, ajuda a manter a sa\u00fade \u00f3ssea e dos dentes, previne osteoporose, aumento a massa muscular \u00e9 um alimento indicado para consumir antes e depois do treino.<\/p>\n","protected":false},"featured_media":174,"comment_status":"open","ping_status":"closed","template":"","meta":[],"product_cat":[15,19],"product_tag":[],"_links":{"self":[{"href":"https:\/\/multilojasassussena.com.br\/laticinios\/wp-json\/wp\/v2\/product\/26"}],"collection":[{"href":"https:\/\/multilojasassussena.com.br\/laticinios\/wp-json\/wp\/v2\/product"}],"about":[{"href":"https:\/\/multilojasassussena.com.br\/laticinios\/wp-json\/wp\/v2\/types\/product"}],"replies":[{"embeddable":true,"href":"https:\/\/multilojasassussena.com.br\/laticinios\/wp-json\/wp\/v2\/comments?post=26"}],"wp:featuredmedia":[{"embeddable":true,"href":"https:\/\/multilojasassussena.com.br\/laticinios\/wp-json\/wp\/v2\/media\/174"}],"wp:attachment":[{"href":"https:\/\/multilojasassussena.com.br\/laticinios\/wp-json\/wp\/v2\/media?parent=26"}],"wp:term":[{"taxonomy":"product_cat","embeddable":true,"href":"https:\/\/multilojasassussena.com.br\/laticinios\/wp-json\/wp\/v2\/product_cat?post=26"},{"taxonomy":"product_tag","embeddable":true,"href":"https:\/\/multilojasassussena.com.br\/laticinios\/wp-json\/wp\/v2\/product_tag?post=26"}],"curies":[{"name":"wp","href":"https:\/\/api.w.org\/{rel}","templated":true}]}}